{"id":21,"date":"2025-01-03T14:07:35","date_gmt":"2025-01-03T13:07:35","guid":{"rendered":"https:\/\/www.bettyblischke.de\/?page_id=21"},"modified":"2025-07-17T22:17:34","modified_gmt":"2025-07-17T20:17:34","slug":"test","status":"publish","type":"page","link":"https:\/\/www.bettyblischke.de\/?page_id=21","title":{"rendered":"Kontakt"},"content":{"rendered":"\n<div class=\"wp-block-columns is-layout-flex wp-container-core-columns-is-layout-28f84493 wp-block-columns-is-layout-flex\">\n<div class=\"wp-block-column is-layout-flow wp-block-column-is-layout-flow\">\n<p>Sie erreichen mich telefonisch \u00fcber die Seestadt Kanzlei Petra Stelljes unter:<\/p>\n\n\n\n<p>+49 0471\/41 30 68<\/p>\n\n\n\n<p>Anschrift:<\/p>\n\n\n\n<p>Betty Blischke<br>Rechtsanw\u00e4ltin<\/p>\n\n\n\n<p>Seestadt Kanzlei<br>Barkhausenstra\u00dfe 18<br>27568 Bremerhaven<\/p>\n<\/div>\n\n\n\n<div class=\"wp-block-column is-layout-flow wp-block-column-is-layout-flow\">\n<iframe loading=\"lazy\" width=\"min(80%, 425px)\" height=\"350\" src=\"https:\/\/www.openstreetmap.org\/export\/embed.html?bbox=8.570848703384401%2C53.54661550457811%2C8.575687408447267%2C53.549420296029005&amp;layer=mapnik&amp;marker=53.548317684653796%2C8.57133686542511\" style=\"border: 1px solid black\"><\/iframe><br\/><small><a href=\"https:\/\/www.openstreetmap.org\/?mlat=53.548005&amp;mlon=8.573037#map=18\/53.548005\/8.573037\">Gr\u00f6\u00dfere Karte anzeigen<\/a><\/small>\n<\/div>\n<\/div>\n\n\n\n<p>Mit dem Bus:<\/p>\n\n\n\n<p>Nah dran ist die <strong>Haltestelle Loydstra\u00dfe \/ VHS<\/strong>. Hier halten die Linien <strong>502<\/strong>, <strong>504<\/strong>, <strong>505<\/strong>, <strong>506<\/strong>, <strong>508<\/strong> und <strong>509<\/strong>. Von dort ca. 5 Minuten zu Fu\u00df.<\/p>\n\n\n\n<p>Alternativ <strong>Haltestelle Querstra\u00dfe<\/strong> der Linie <strong>HL<\/strong>.<\/p>\n","protected":false},"excerpt":{"rendered":"<p>Sie erreichen mich telefonisch \u00fcber die Seestadt Kanzlei Petra Stelljes unter: +49 0471\/41 30 68 Anschrift: Betty BlischkeRechtsanw\u00e4ltin Seestadt KanzleiBarkhausenstra\u00dfe 1827568 Bremerhaven Gr\u00f6\u00dfere Karte anzeigen Mit dem Bus: Nah dran ist die Haltestelle Loydstra\u00dfe \/ VHS. Hier halten die Linien 502, 504, 505, 506, 508 und 509. Von dort ca. 5 Minuten zu Fu\u00df. Alternativ [&hellip;]<\/p>\n","protected":false},"author":1,"featured_media":34,"parent":0,"menu_order":0,"comment_status":"closed","ping_status":"closed","template":"","meta":{"footnotes":""},"class_list":["post-21","page","type-page","status-publish","has-post-thumbnail","hentry"],"_links":{"self":[{"href":"https:\/\/www.bettyblischke.de\/index.php?rest_route=\/wp\/v2\/pages\/21","targetHints":{"allow":["GET"]}}],"collection":[{"href":"https:\/\/www.bettyblischke.de\/index.php?rest_route=\/wp\/v2\/pages"}],"about":[{"href":"https:\/\/www.bettyblischke.de\/index.php?rest_route=\/wp\/v2\/types\/page"}],"author":[{"embeddable":true,"href":"https:\/\/www.bettyblischke.de\/index.php?rest_route=\/wp\/v2\/users\/1"}],"replies":[{"embeddable":true,"href":"https:\/\/www.bettyblischke.de\/index.php?rest_route=%2Fwp%2Fv2%2Fcomments&post=21"}],"version-history":[{"count":11,"href":"https:\/\/www.bettyblischke.de\/index.php?rest_route=\/wp\/v2\/pages\/21\/revisions"}],"predecessor-version":[{"id":60,"href":"https:\/\/www.bettyblischke.de\/index.php?rest_route=\/wp\/v2\/pages\/21\/revisions\/60"}],"wp:featuredmedia":[{"embeddable":true,"href":"https:\/\/www.bettyblischke.de\/index.php?rest_route=\/wp\/v2\/media\/34"}],"wp:attachment":[{"href":"https:\/\/www.bettyblischke.de\/index.php?rest_route=%2Fwp%2Fv2%2Fmedia&parent=21"}],"curies":[{"name":"wp","href":"https:\/\/api.w.org\/{rel}","templated":true}]}}